{"id":87,"date":"2024-03-11T15:02:18","date_gmt":"2024-03-11T14:02:18","guid":{"rendered":"https:\/\/epilclf.cluster030.hosting.ovh.net\/?page_id=87"},"modified":"2024-03-26T11:28:40","modified_gmt":"2024-03-26T10:28:40","slug":"luminotherapie","status":"publish","type":"page","link":"https:\/\/epilclean.be\/index.php\/luminotherapie\/","title":{"rendered":"Luminoth\u00e9rapie"},"content":{"rendered":"\t\t<div data-elementor-type=\"wp-page\" data-elementor-id=\"87\" class=\"elementor elementor-87\">\n\t\t\t\t<div class=\"elementor-element elementor-element-fb6853d e-flex e-con-boxed e-con e-parent\" data-id=\"fb6853d\" data-element_type=\"container\" data-e-type=\"container\">\n\t\t\t\t\t<div class=\"e-con-inner\">\n\t\t\t\t<div class=\"elementor-element elementor-element-1430db4 elementor-arrows-position-inside elementor-pagination-position-outside elementor-widget elementor-widget-image-carousel\" data-id=\"1430db4\" data-element_type=\"widget\" data-e-type=\"widget\" data-settings=\"{&quot;navigation&quot;:&quot;both&quot;,&quot;autoplay&quot;:&quot;yes&quot;,&quot;pause_on_hover&quot;:&quot;yes&quot;,&quot;pause_on_interaction&quot;:&quot;yes&quot;,&quot;autoplay_speed&quot;:5000,&quot;infinite&quot;:&quot;yes&quot;,&quot;speed&quot;:500}\" data-widget_type=\"image-carousel.default\">\n\t\t\t\t<div class=\"elementor-widget-container\">\n\t\t\t\t\t\t\t<div class=\"elementor-image-carousel-wrapper swiper\" role=\"region\" aria-roledescription=\"carousel\" aria-label=\"Carrousel d\u2019images\" dir=\"ltr\">\n\t\t\t<div class=\"elementor-image-carousel swiper-wrapper\" aria-live=\"off\">\n\t\t\t\t\t\t\t\t<div class=\"swiper-slide\" role=\"group\" aria-roledescription=\"slide\" aria-label=\"1 sur 3\"><figure class=\"swiper-slide-inner\"><img decoding=\"async\" class=\"swiper-slide-image\" src=\"https:\/\/epilclean.be\/wp-content\/uploads\/elementor\/thumbs\/69-iStock-1222847240-scaled-qlrxc7s8pb6zqbjtyxbv53id8fu71vldq8exsepyog.jpg\" alt=\"#69-iStock-1222847240\" \/><\/figure><\/div><div class=\"swiper-slide\" role=\"group\" aria-roledescription=\"slide\" aria-label=\"2 sur 3\"><figure class=\"swiper-slide-inner\"><img decoding=\"async\" class=\"swiper-slide-image\" src=\"https:\/\/epilclean.be\/wp-content\/uploads\/elementor\/thumbs\/shutterstock_467945618-qlrxc09j6mwp5fur6u2ul5eohcv9carj1771y71428.jpg\" alt=\"shutterstock_467945618\" \/><\/figure><\/div><div class=\"swiper-slide\" role=\"group\" aria-roledescription=\"slide\" aria-label=\"3 sur 3\"><figure class=\"swiper-slide-inner\"><img decoding=\"async\" class=\"swiper-slide-image\" src=\"https:\/\/epilclean.be\/wp-content\/uploads\/elementor\/thumbs\/belle-fille-au-concept-plage_23-2148659069-qlrxbwi6farjv007ssgcb6cu3tdshiclool4136or4.jpg\" alt=\"belle-fille-au-concept-plage_23-2148659069\" \/><\/figure><\/div>\t\t\t<\/div>\n\t\t\t\t\t\t\t\t\t\t\t\t<div class=\"elementor-swiper-button elementor-swiper-button-prev\" role=\"button\" tabindex=\"0\">\n\t\t\t\t\t\t<svg aria-hidden=\"true\" class=\"e-font-icon-svg e-eicon-chevron-left\" viewBox=\"0 0 1000 1000\" xmlns=\"http:\/\/www.w3.org\/2000\/svg\"><path d=\"M646 125C629 125 613 133 604 142L308 442C296 454 292 471 292 487 292 504 296 521 308 533L604 854C617 867 629 875 646 875 663 875 679 871 692 858 704 846 713 829 713 812 713 796 708 779 692 767L438 487 692 225C700 217 708 204 708 187 708 171 704 154 692 142 675 129 663 125 646 125Z\"><\/path><\/svg>\t\t\t\t\t<\/div>\n\t\t\t\t\t<div class=\"elementor-swiper-button elementor-swiper-button-next\" role=\"button\" tabindex=\"0\">\n\t\t\t\t\t\t<svg aria-hidden=\"true\" class=\"e-font-icon-svg e-eicon-chevron-right\" viewBox=\"0 0 1000 1000\" xmlns=\"http:\/\/www.w3.org\/2000\/svg\"><path d=\"M696 533C708 521 713 504 713 487 713 471 708 454 696 446L400 146C388 133 375 125 354 125 338 125 325 129 313 142 300 154 292 171 292 187 292 204 296 221 308 233L563 492 304 771C292 783 288 800 288 817 288 833 296 850 308 863 321 871 338 875 354 875 371 875 388 867 400 854L696 533Z\"><\/path><\/svg>\t\t\t\t\t<\/div>\n\t\t\t\t\n\t\t\t\t\t\t\t\t\t<div class=\"swiper-pagination\"><\/div>\n\t\t\t\t\t\t\t\t\t<\/div>\n\t\t\t\t\t\t<\/div>\n\t\t\t\t<\/div>\n\t\t\t\t\t<\/div>\n\t\t\t\t<\/div>\n\t\t<div class=\"elementor-element elementor-element-18f14bc e-flex e-con-boxed e-con e-parent\" data-id=\"18f14bc\" data-element_type=\"container\" data-e-type=\"container\">\n\t\t\t\t\t<div class=\"e-con-inner\">\n\t\t\t\t<div class=\"elementor-element elementor-element-d25a3ea elementor-widget elementor-widget-text-editor\" data-id=\"d25a3ea\" data-element_type=\"widget\" data-e-type=\"widget\" data-widget_type=\"text-editor.default\">\n\t\t\t\t<div class=\"elementor-widget-container\">\n\t\t\t\t\t\t\t\t\t<div class=\"mkdf-elements-holder mkdf-one-column mkdf-responsive-mode-768 \"><div class=\"mkdf-eh-item mkdf-horizontal-alignment-center \" data-item-class=\"mkdf-eh-custom-1722\" data-1280-1600=\"0px 20% 78px\" data-1024-1280=\"0px 18% 78px\" data-768-1024=\"0px 5% 78px\" data-680-768=\"0px 0 78px\" data-680=\"0px 0 78px\"><div class=\"mkdf-eh-item-inner\"><div class=\"mkdf-eh-item-content mkdf-eh-custom-1722\"><div class=\"mkdf-section-title-holder mkdf-st-standard mkdf-st-title-left mkdf-st-normal-space \"><div class=\"mkdf-st-inner\"><h2 class=\"mkdf-st-title\"><span style=\"text-align: var(--text-align);\">LUMINOTH\u00c9RAPIE<\/span><\/h2><h2 id=\"qu-est-ce-que-la-luminotherapie-\">Qu&rsquo;est-ce que la luminoth\u00e9rapie ?<\/h2><p>La luminoth\u00e9rapie est une technique qui consiste \u00e0 s\u2019exposer quotidiennement \u00e0 une lumi\u00e8re artificielle blanche, dite \u00ab \u00e0 large spectre \u00bb, imitant celle du soleil ou dont les qualit\u00e9s seraient aussi proches que possible de celles du soleil.<\/p><\/div><div><p>La lumi\u00e8re permet de r\u00e9guler :\u00a0<\/p><\/div><div><ul><li>notre horloge interne ;<\/li><li>notre humeur ;<\/li><li>la croissance cellulaire ;<\/li><li>le syst\u00e8me immunitaire &#8211; stimulant aussi les processus de gu\u00e9rison de l&rsquo;ensemble du corps.<\/li><\/ul><\/div><div><h2 id=\"quels-sont-les-bienfaits-de-la-luminotherapie-\">Quels sont les bienfaits de la luminoth\u00e9rapie ?<\/h2><p>La principale application de la\u00a0luminoth\u00e9rapie, et \u00e9galement celle qui est le mieux document\u00e9e scientifiquement, concerne la d\u00e9pression saisonni\u00e8re. Ce syndrome appara\u00eet \u00e0 l\u2019approche de l\u2019hiver, \u00e0 mesure que diminue la clart\u00e9 ext\u00e9rieure, et a un effet n\u00e9faste sur l\u2019horloge biologique interne de certaines personnes. L\u2019origine de ce syndrome demeure inconnue. La luminoth\u00e9rapie est un\u00a0traitement m\u00e9dical reconnu\u00a0pour combattre la d\u00e9pression saisonni\u00e8re.<\/p><\/div><div><p>Dans les pays nordiques, de 3 % \u00e0 6 % des individus, et m\u00eame jusqu\u2019\u00e0 10 %, selon certaines sources, souffrent de\u00a0d\u00e9pression saisonni\u00e8re. Ils pr\u00e9sentent alors des sympt\u00f4mes comme :<\/p><\/div><div><ul><li>une humeur d\u00e9pressive ;<\/li><li>de la fatigue chronique ;<\/li><li>une baisse de la libido ;<\/li><li>un besoin exag\u00e9r\u00e9 de sommeil ;<\/li><li>des r\u00e9veils difficiles ;<\/li><li>des crises de boulimie ou un app\u00e9tit anormalement grand, notamment tourn\u00e9 vers le sucre et les hydrates de carbone (pain, p\u00e2tes, pommes de terre).<\/li><\/ul><div><h3>Et bien plus encore&#8230;<\/h3><p>Par \u00e9mission d\u2019une lumi\u00e8re avec ou sans filtres de couleur sur une zone particuli\u00e8re du corps, \u00e0 une dizaine de centim\u00e8tres de la peau. La luminoth\u00e9rapie a \u00e9galement fait ses preuves m\u00e9dicales dans le traitement de divers probl\u00e8mes :<\/p><\/div><div><ul><li>Douleurs chroniques ;\u00a0<\/li><li>Plaies, blessures, ulc\u00e8res, cicatrisation ;<\/li><li>Probl\u00e8mes cutan\u00e9s comme acn\u00e9 et psoriasis (UVA th\u00e9rapie) ;<\/li><li>Accidents de sports, m\u00e9decine du sport ;<\/li><li>Pr\u00e9vention des rides, du vieillissement cellulaire ;<\/li><li>Inflammation, arthrite ;<\/li><li>Syst\u00e8me immunitaire.<\/li><\/ul><\/div><\/div><\/div><\/div><\/div><\/div><\/div><div class=\"mkdf-elements-holder mkdf-one-column mkdf-responsive-mode-768 \"><div class=\"mkdf-eh-item mkdf-horizontal-alignment-center \" data-item-class=\"mkdf-eh-custom-1557\" data-1280-1600=\"0px 20% 78px\" data-1024-1280=\"0px 18% 78px\" data-768-1024=\"0px 5% 78px\" data-680-768=\"0px 0 78px\" data-680=\"0px 0 78px\"><div class=\"mkdf-eh-item-inner\"><div class=\"mkdf-eh-item-content mkdf-eh-custom-1557\"><div class=\"wpb_text_column wpb_content_element \"><div class=\"wpb_wrapper\">\u00a0<\/div><\/div><\/div><\/div><\/div><\/div>\t\t\t\t\t\t\t\t<\/div>\n\t\t\t\t<\/div>\n\t\t\t\t\t<\/div>\n\t\t\t\t<\/div>\n\t\t\t\t<\/div>\n\t\t","protected":false},"excerpt":{"rendered":"<p>LUMINOTH\u00c9RAPIE Qu&rsquo;est-ce que la luminoth\u00e9rapie ? La luminoth\u00e9rapie est une technique qui consiste \u00e0 s\u2019exposer quotidiennement \u00e0 une lumi\u00e8re artificielle blanche, dite \u00ab \u00e0 large spectre \u00bb, imitant celle du soleil ou dont les qualit\u00e9s seraient aussi proches que possible de celles du soleil. La lumi\u00e8re permet de r\u00e9guler :\u00a0 notre horloge interne ; notre [&hellip;]<\/p>\n","protected":false},"author":1,"featured_media":0,"parent":0,"menu_order":0,"comment_status":"closed","ping_status":"closed","template":"","meta":{"footnotes":""},"class_list":["post-87","page","type-page","status-publish","hentry","entry"],"_links":{"self":[{"href":"https:\/\/epilclean.be\/index.php\/wp-json\/wp\/v2\/pages\/87","targetHints":{"allow":["GET"]}}],"collection":[{"href":"https:\/\/epilclean.be\/index.php\/wp-json\/wp\/v2\/pages"}],"about":[{"href":"https:\/\/epilclean.be\/index.php\/wp-json\/wp\/v2\/types\/page"}],"author":[{"embeddable":true,"href":"https:\/\/epilclean.be\/index.php\/wp-json\/wp\/v2\/users\/1"}],"replies":[{"embeddable":true,"href":"https:\/\/epilclean.be\/index.php\/wp-json\/wp\/v2\/comments?post=87"}],"version-history":[{"count":4,"href":"https:\/\/epilclean.be\/index.php\/wp-json\/wp\/v2\/pages\/87\/revisions"}],"predecessor-version":[{"id":291,"href":"https:\/\/epilclean.be\/index.php\/wp-json\/wp\/v2\/pages\/87\/revisions\/291"}],"wp:attachment":[{"href":"https:\/\/epilclean.be\/index.php\/wp-json\/wp\/v2\/media?parent=87"}],"curies":[{"name":"wp","href":"https:\/\/api.w.org\/{rel}","templated":true}]}}