{"id":78,"date":"2024-03-11T14:17:06","date_gmt":"2024-03-11T13:17:06","guid":{"rendered":"http:\/\/epilclf.cluster030.hosting.ovh.net\/?page_id=78"},"modified":"2024-03-26T11:32:14","modified_gmt":"2024-03-26T10:32:14","slug":"blanchiment-dentaire","status":"publish","type":"page","link":"https:\/\/epilclean.be\/index.php\/blanchiment-dentaire\/","title":{"rendered":"Blanchiment Dentaire"},"content":{"rendered":"\t\t<div data-elementor-type=\"wp-page\" data-elementor-id=\"78\" class=\"elementor elementor-78\">\n\t\t\t\t<div class=\"elementor-element elementor-element-8df1a7c e-flex e-con-boxed e-con e-parent\" data-id=\"8df1a7c\" data-element_type=\"container\" data-e-type=\"container\">\n\t\t\t\t\t<div class=\"e-con-inner\">\n\t\t\t\t<div class=\"elementor-element elementor-element-341e4d0 elementor-arrows-position-inside elementor-pagination-position-outside elementor-widget elementor-widget-image-carousel\" data-id=\"341e4d0\" data-element_type=\"widget\" data-e-type=\"widget\" data-settings=\"{&quot;navigation&quot;:&quot;both&quot;,&quot;autoplay&quot;:&quot;yes&quot;,&quot;pause_on_hover&quot;:&quot;yes&quot;,&quot;pause_on_interaction&quot;:&quot;yes&quot;,&quot;autoplay_speed&quot;:5000,&quot;infinite&quot;:&quot;yes&quot;,&quot;speed&quot;:500}\" data-widget_type=\"image-carousel.default\">\n\t\t\t\t<div class=\"elementor-widget-container\">\n\t\t\t\t\t\t\t<div class=\"elementor-image-carousel-wrapper swiper\" role=\"region\" aria-roledescription=\"carousel\" aria-label=\"Carrousel d\u2019images\" dir=\"ltr\">\n\t\t\t<div class=\"elementor-image-carousel swiper-wrapper\" aria-live=\"off\">\n\t\t\t\t\t\t\t\t<div class=\"swiper-slide\" role=\"group\" aria-roledescription=\"slide\" aria-label=\"1 sur 3\"><figure class=\"swiper-slide-inner\"><img decoding=\"async\" class=\"swiper-slide-image\" src=\"https:\/\/epilclean.be\/wp-content\/uploads\/elementor\/thumbs\/dreamstime_xxl_124747064-1024x683-1-qlrw2s92dl02ktjj9ad0mk8blzrj0j8fhda2qy2zf4.jpg\" alt=\"dreamstime_xxl_124747064-1024x683\" \/><\/figure><\/div><div class=\"swiper-slide\" role=\"group\" aria-roledescription=\"slide\" aria-label=\"2 sur 3\"><figure class=\"swiper-slide-inner\"><img decoding=\"async\" class=\"swiper-slide-image\" src=\"https:\/\/epilclean.be\/wp-content\/uploads\/elementor\/thumbs\/blanchiment-des-dents-evaluation-couleurs-e1453493503500-qlrvzyqhvh53qxmzq2hb59ujgdnvx81f3etmx29i34.jpeg\" alt=\"blanchiment-des-dents-evaluation-couleurs-e1453493503500\" \/><\/figure><\/div><div class=\"swiper-slide\" role=\"group\" aria-roledescription=\"slide\" aria-label=\"3 sur 3\"><figure class=\"swiper-slide-inner\"><img decoding=\"async\" class=\"swiper-slide-image\" src=\"https:\/\/epilclean.be\/wp-content\/uploads\/elementor\/thumbs\/Dr-Marc-Brouquet-Laglaire-blanchiment-1200x725-1-qlrvzwutht2j3ppq11o20abm9lx5httyf5inyicafk.jpg\" alt=\"Dr-Marc-Brouquet-Laglaire-blanchiment-1200x725\" \/><\/figure><\/div>\t\t\t<\/div>\n\t\t\t\t\t\t\t\t\t\t\t\t<div class=\"elementor-swiper-button elementor-swiper-button-prev\" role=\"button\" tabindex=\"0\">\n\t\t\t\t\t\t<svg aria-hidden=\"true\" class=\"e-font-icon-svg e-eicon-chevron-left\" viewBox=\"0 0 1000 1000\" xmlns=\"http:\/\/www.w3.org\/2000\/svg\"><path d=\"M646 125C629 125 613 133 604 142L308 442C296 454 292 471 292 487 292 504 296 521 308 533L604 854C617 867 629 875 646 875 663 875 679 871 692 858 704 846 713 829 713 812 713 796 708 779 692 767L438 487 692 225C700 217 708 204 708 187 708 171 704 154 692 142 675 129 663 125 646 125Z\"><\/path><\/svg>\t\t\t\t\t<\/div>\n\t\t\t\t\t<div class=\"elementor-swiper-button elementor-swiper-button-next\" role=\"button\" tabindex=\"0\">\n\t\t\t\t\t\t<svg aria-hidden=\"true\" class=\"e-font-icon-svg e-eicon-chevron-right\" viewBox=\"0 0 1000 1000\" xmlns=\"http:\/\/www.w3.org\/2000\/svg\"><path d=\"M696 533C708 521 713 504 713 487 713 471 708 454 696 446L400 146C388 133 375 125 354 125 338 125 325 129 313 142 300 154 292 171 292 187 292 204 296 221 308 233L563 492 304 771C292 783 288 800 288 817 288 833 296 850 308 863 321 871 338 875 354 875 371 875 388 867 400 854L696 533Z\"><\/path><\/svg>\t\t\t\t\t<\/div>\n\t\t\t\t\n\t\t\t\t\t\t\t\t\t<div class=\"swiper-pagination\"><\/div>\n\t\t\t\t\t\t\t\t\t<\/div>\n\t\t\t\t\t\t<\/div>\n\t\t\t\t<\/div>\n\t\t\t\t\t<\/div>\n\t\t\t\t<\/div>\n\t\t<div class=\"elementor-element elementor-element-9c38503 e-flex e-con-boxed e-con e-parent\" data-id=\"9c38503\" data-element_type=\"container\" data-e-type=\"container\" data-settings=\"{&quot;background_background&quot;:&quot;classic&quot;}\">\n\t\t\t\t\t<div class=\"e-con-inner\">\n\t\t\t\t<div class=\"elementor-element elementor-element-4825f49 elementor-widget elementor-widget-text-editor\" data-id=\"4825f49\" data-element_type=\"widget\" data-e-type=\"widget\" data-widget_type=\"text-editor.default\">\n\t\t\t\t<div class=\"elementor-widget-container\">\n\t\t\t\t\t\t\t\t\t<div class=\"mkdf-elements-holder mkdf-one-column mkdf-responsive-mode-768 \"><div class=\"mkdf-eh-item mkdf-horizontal-alignment-center \" data-item-class=\"mkdf-eh-custom-1722\" data-1280-1600=\"0px 20% 78px\" data-1024-1280=\"0px 18% 78px\" data-768-1024=\"0px 5% 78px\" data-680-768=\"0px 0 78px\" data-680=\"0px 0 78px\"><div class=\"mkdf-eh-item-inner\"><div class=\"mkdf-eh-item-content mkdf-eh-custom-1722\"><div class=\"mkdf-section-title-holder mkdf-st-standard mkdf-st-title-left mkdf-st-normal-space \"><div class=\"mkdf-st-inner\"><h2 class=\"mkdf-st-title\">BLANCHIMENT DENTAIRE<\/h2><\/div><\/div><\/div><\/div><\/div><\/div><div class=\"mkdf-elements-holder mkdf-one-column mkdf-responsive-mode-768 \"><div class=\"mkdf-eh-item mkdf-horizontal-alignment-center \" data-item-class=\"mkdf-eh-custom-1557\" data-1280-1600=\"0px 20% 78px\" data-1024-1280=\"0px 18% 78px\" data-768-1024=\"0px 5% 78px\" data-680-768=\"0px 0 78px\" data-680=\"0px 0 78px\"><div class=\"mkdf-eh-item-inner\"><div class=\"mkdf-eh-item-content mkdf-eh-custom-1557\"><div class=\"wpb_text_column wpb_content_element \"><div class=\"wpb_wrapper\"><p class=\"alenaTitles\">Le blanchiment dentaire est une technique simple et sans douleur qui permet d\u2019\u00e9claircir les dents (naturelles) gr\u00e2ce \u00e0 l\u2019application d\u2019un gel \u00e0 base de peroxyde d\u2019hydrog\u00e8ne (plus commun\u00e9ment appel\u00e9 eau oxyg\u00e9n\u00e9e.) Celui-ci est appliqu\u00e9 \u00e0 l\u2019aide d\u2019une goutti\u00e8re en silicone individuelle jetable. L\u2019utilisation d\u2019une lampe \u00e9lectroluminescente froide active le processus en agrandissant les pores de l\u2019\u00e9mail dentaire. Pour une blancheur \u00e9clatante, nous proc\u00e9dons \u00e0 deux applications successives.<\/p><p>Gr\u00e2ce au proc\u00e9d\u00e9 White Now, vous pourrez gagner imm\u00e9diatement entre 2 et 9 teintes !<\/p><p>L\u2019\u00e9mail se r\u00e9g\u00e9n\u00e9rant naturellement, pour pr\u00e9server la blancheur de vos dents, Il conviendra de renouveler les s\u00e9ances.<\/p><p>Afin d\u2019optimiser le r\u00e9sultat, nous conseillons de pratiquer un d\u00e9tartrage chez le dentiste au pr\u00e9alable.<\/p><\/div><\/div><\/div><\/div><\/div><\/div>\t\t\t\t\t\t\t\t<\/div>\n\t\t\t\t<\/div>\n\t\t\t\t\t<\/div>\n\t\t\t\t<\/div>\n\t\t\t\t<\/div>\n\t\t","protected":false},"excerpt":{"rendered":"<p>BLANCHIMENT DENTAIRE Le blanchiment dentaire est une technique simple et sans douleur qui permet d\u2019\u00e9claircir les dents (naturelles) gr\u00e2ce \u00e0 l\u2019application d\u2019un gel \u00e0 base de peroxyde d\u2019hydrog\u00e8ne (plus commun\u00e9ment appel\u00e9 eau oxyg\u00e9n\u00e9e.) Celui-ci est appliqu\u00e9 \u00e0 l\u2019aide d\u2019une goutti\u00e8re en silicone individuelle jetable. L\u2019utilisation d\u2019une lampe \u00e9lectroluminescente froide active le processus en agrandissant les [&hellip;]<\/p>\n","protected":false},"author":1,"featured_media":0,"parent":0,"menu_order":0,"comment_status":"closed","ping_status":"closed","template":"","meta":{"footnotes":""},"class_list":["post-78","page","type-page","status-publish","hentry","entry"],"_links":{"self":[{"href":"https:\/\/epilclean.be\/index.php\/wp-json\/wp\/v2\/pages\/78","targetHints":{"allow":["GET"]}}],"collection":[{"href":"https:\/\/epilclean.be\/index.php\/wp-json\/wp\/v2\/pages"}],"about":[{"href":"https:\/\/epilclean.be\/index.php\/wp-json\/wp\/v2\/types\/page"}],"author":[{"embeddable":true,"href":"https:\/\/epilclean.be\/index.php\/wp-json\/wp\/v2\/users\/1"}],"replies":[{"embeddable":true,"href":"https:\/\/epilclean.be\/index.php\/wp-json\/wp\/v2\/comments?post=78"}],"version-history":[{"count":10,"href":"https:\/\/epilclean.be\/index.php\/wp-json\/wp\/v2\/pages\/78\/revisions"}],"predecessor-version":[{"id":300,"href":"https:\/\/epilclean.be\/index.php\/wp-json\/wp\/v2\/pages\/78\/revisions\/300"}],"wp:attachment":[{"href":"https:\/\/epilclean.be\/index.php\/wp-json\/wp\/v2\/media?parent=78"}],"curies":[{"name":"wp","href":"https:\/\/api.w.org\/{rel}","templated":true}]}}