{"id":29,"date":"2024-03-06T16:10:25","date_gmt":"2024-03-06T15:10:25","guid":{"rendered":"http:\/\/epilclf.cluster030.hosting.ovh.net\/?page_id=29"},"modified":"2024-03-27T09:48:45","modified_gmt":"2024-03-27T08:48:45","slug":"epilation-definitive-au-laser","status":"publish","type":"page","link":"https:\/\/epilclean.be\/index.php\/epilation-definitive-au-laser\/","title":{"rendered":"Epilation D\u00e9finitive au Laser"},"content":{"rendered":"\t\t<div data-elementor-type=\"wp-page\" data-elementor-id=\"29\" class=\"elementor elementor-29\">\n\t\t\t\t<div class=\"elementor-element elementor-element-bc7164c e-flex e-con-boxed e-con e-parent\" data-id=\"bc7164c\" data-element_type=\"container\" data-e-type=\"container\">\n\t\t\t\t\t<div class=\"e-con-inner\">\n\t\t\t\t<div class=\"elementor-element elementor-element-93ebba6 elementor-widget elementor-widget-spacer\" data-id=\"93ebba6\" data-element_type=\"widget\" data-e-type=\"widget\" data-widget_type=\"spacer.default\">\n\t\t\t\t<div class=\"elementor-widget-container\">\n\t\t\t\t\t\t\t<div class=\"elementor-spacer\">\n\t\t\t<div class=\"elementor-spacer-inner\"><\/div>\n\t\t<\/div>\n\t\t\t\t\t\t<\/div>\n\t\t\t\t<\/div>\n\t\t\t\t\t<\/div>\n\t\t\t\t<\/div>\n\t\t<div class=\"elementor-element elementor-element-cc24e70 e-con-full e-flex e-con e-parent\" data-id=\"cc24e70\" data-element_type=\"container\" data-e-type=\"container\">\n\t\t\t\t<div class=\"elementor-element elementor-element-903e436 elementor-widget elementor-widget-heading\" data-id=\"903e436\" data-element_type=\"widget\" data-e-type=\"widget\" data-widget_type=\"heading.default\">\n\t\t\t\t<div class=\"elementor-widget-container\">\n\t\t\t\t\t<h2 class=\"elementor-heading-title elementor-size-default\">Epilation au Laser Diode <\/h2>\t\t\t\t<\/div>\n\t\t\t\t<\/div>\n\t\t\t\t<\/div>\n\t\t<div class=\"elementor-element elementor-element-e346392 e-flex e-con-boxed e-con e-parent\" data-id=\"e346392\" data-element_type=\"container\" data-e-type=\"container\">\n\t\t\t\t\t<div class=\"e-con-inner\">\n\t\t\t\t<div class=\"elementor-element elementor-element-c0005fa elementor-widget elementor-widget-spacer\" data-id=\"c0005fa\" data-element_type=\"widget\" data-e-type=\"widget\" data-widget_type=\"spacer.default\">\n\t\t\t\t<div class=\"elementor-widget-container\">\n\t\t\t\t\t\t\t<div class=\"elementor-spacer\">\n\t\t\t<div class=\"elementor-spacer-inner\"><\/div>\n\t\t<\/div>\n\t\t\t\t\t\t<\/div>\n\t\t\t\t<\/div>\n\t\t\t\t\t<\/div>\n\t\t\t\t<\/div>\n\t\t<div class=\"elementor-element elementor-element-06aee0a e-flex e-con-boxed e-con e-parent\" data-id=\"06aee0a\" data-element_type=\"container\" data-e-type=\"container\">\n\t\t\t\t\t<div class=\"e-con-inner\">\n\t\t<div class=\"elementor-element elementor-element-8b134f8 e-con-full e-flex e-con e-child\" data-id=\"8b134f8\" data-element_type=\"container\" data-e-type=\"container\">\n\t\t\t\t<div class=\"elementor-element elementor-element-60a8824 elementor-invisible elementor-widget elementor-widget-text-editor\" data-id=\"60a8824\" data-element_type=\"widget\" data-e-type=\"widget\" data-settings=\"{&quot;_animation&quot;:&quot;fadeInLeft&quot;}\" data-widget_type=\"text-editor.default\">\n\t\t\t\t<div class=\"elementor-widget-container\">\n\t\t\t\t\t\t\t\t\t<p><strong>Epil Clean utilise la derni\u00e8re g\u00e9n\u00e9ration de laser diode Sapphire Ice afin de traiter efficacement tous les types de peau et de poils, permettant ainsi d\u2019obtenir des r\u00e9sultats optimaux et durables.<\/strong><\/p>\t\t\t\t\t\t\t\t<\/div>\n\t\t\t\t<\/div>\n\t\t\t\t<\/div>\n\t\t<div class=\"elementor-element elementor-element-8f0b440 e-con-full e-flex e-con e-child\" data-id=\"8f0b440\" data-element_type=\"container\" data-e-type=\"container\">\n\t\t\t\t<div class=\"elementor-element elementor-element-295997a elementor-invisible elementor-widget elementor-widget-image\" data-id=\"295997a\" data-element_type=\"widget\" data-e-type=\"widget\" data-settings=\"{&quot;_animation&quot;:&quot;fadeInRight&quot;}\" data-widget_type=\"image.default\">\n\t\t\t\t<div class=\"elementor-widget-container\">\n\t\t\t\t\t\t\t\t\t\t\t\t\t\t\t<img decoding=\"async\" width=\"150\" height=\"150\" src=\"https:\/\/epilclean.be\/wp-content\/uploads\/2024\/03\/sapphire-logo-150x150.png\" class=\"attachment-thumbnail size-thumbnail wp-image-182\" alt=\"\" srcset=\"https:\/\/epilclean.be\/wp-content\/uploads\/2024\/03\/sapphire-logo-150x150.png 150w, https:\/\/epilclean.be\/wp-content\/uploads\/2024\/03\/sapphire-logo-300x300.png 300w, https:\/\/epilclean.be\/wp-content\/uploads\/2024\/03\/sapphire-logo.png 434w\" sizes=\"(max-width: 150px) 100vw, 150px\" \/>\t\t\t\t\t\t\t\t\t\t\t\t\t\t\t<\/div>\n\t\t\t\t<\/div>\n\t\t\t\t<\/div>\n\t\t\t\t\t<\/div>\n\t\t\t\t<\/div>\n\t\t<div class=\"elementor-element elementor-element-6322106 e-flex e-con-boxed e-con e-parent\" data-id=\"6322106\" data-element_type=\"container\" data-e-type=\"container\">\n\t\t\t\t\t<div class=\"e-con-inner\">\n\t\t\t\t<div class=\"elementor-element elementor-element-41d398a elementor-widget elementor-widget-spacer\" data-id=\"41d398a\" data-element_type=\"widget\" data-e-type=\"widget\" data-widget_type=\"spacer.default\">\n\t\t\t\t<div class=\"elementor-widget-container\">\n\t\t\t\t\t\t\t<div class=\"elementor-spacer\">\n\t\t\t<div class=\"elementor-spacer-inner\"><\/div>\n\t\t<\/div>\n\t\t\t\t\t\t<\/div>\n\t\t\t\t<\/div>\n\t\t\t\t\t<\/div>\n\t\t\t\t<\/div>\n\t\t<div class=\"elementor-element elementor-element-b5db526 e-flex e-con-boxed e-con e-parent\" data-id=\"b5db526\" data-element_type=\"container\" data-e-type=\"container\" data-settings=\"{&quot;background_background&quot;:&quot;classic&quot;}\">\n\t\t\t\t\t<div class=\"e-con-inner\">\n\t\t\t\t<div class=\"elementor-element elementor-element-3059e0c elementor-widget elementor-widget-heading\" data-id=\"3059e0c\" data-element_type=\"widget\" data-e-type=\"widget\" data-widget_type=\"heading.default\">\n\t\t\t\t<div class=\"elementor-widget-container\">\n\t\t\t\t\t<h2 class=\"elementor-heading-title elementor-size-default\">DES TARIFS ABORDABLES POUR UN SERVICE DE QUALIT\u00c9<\/h2>\t\t\t\t<\/div>\n\t\t\t\t<\/div>\n\t\t\t\t\t<\/div>\n\t\t\t\t<\/div>\n\t\t<div class=\"elementor-element elementor-element-5f7ee46 e-flex e-con-boxed e-con e-parent\" data-id=\"5f7ee46\" data-element_type=\"container\" data-e-type=\"container\" data-settings=\"{&quot;background_background&quot;:&quot;classic&quot;}\">\n\t\t\t\t\t<div class=\"e-con-inner\">\n\t\t<div class=\"elementor-element elementor-element-4387af2 e-con-full e-flex e-con e-child\" data-id=\"4387af2\" data-element_type=\"container\" data-e-type=\"container\">\n\t\t\t\t<div class=\"elementor-element elementor-element-a360b29 elementor-widget elementor-widget-text-editor\" data-id=\"a360b29\" data-element_type=\"widget\" data-e-type=\"widget\" data-widget_type=\"text-editor.default\">\n\t\t\t\t<div class=\"elementor-widget-container\">\n\t\t\t\t\t\t\t\t\t<p>Le laser diode est con\u00e7u pour rendre l\u2019\u00e9pilation indolore et rapide, permettant aux clients de reprendre leurs activit\u00e9s quotidiennes imm\u00e9diatement apr\u00e8s la s\u00e9ance. Cette innovation comporte un syst\u00e8me dit \u00a0\u00bb ICE \u00ab\u00a0, il s&rsquo;agit d&rsquo;un syst\u00e8me de refroidissement qui glace le bras Laser et permet ainsi de rendre votre s\u00e9ance indolore, plus besoin de souffrir ! LE FONCTIONNEMENT DU LASER DIODE Invisible \u00e0 l\u2019\u0153il nu, la longueur d\u2019onde lib\u00e9r\u00e9e par le laser diode rep\u00e8re les poils via leur couleur. La m\u00e9lanine du poil sera donc pulv\u00e9ris\u00e9e par la chaleur produite de la lumi\u00e8re qui provient du laser. \u00c0 noter que l\u2019\u00e9pilation au laser cible essentiellement les poils en phase de croissance, et il faudra revenir pour d\u2019autres s\u00e9ances pour cibler les poils endormis et respecter le cycle pilaire. Apr\u00e8s la s\u00e9ance d\u2019\u00e9pilation, le poil \u00e9limin\u00e9 par le laser diode va ressortir avant de tomber. Il s\u2019agit d\u2019un appareil multifonctionnel adapt\u00e9 \u00e0 tous les types de peau. Le d\u00e9roulement d\u2019une s\u00e9ance d\u2019\u00e9pilation au laser diode, la dur\u00e9e et le nombre de s\u00e9ances d\u2019\u00e9pilation d\u00e9pendra essentiellement du type de poils \u00e0 \u00e9liminer et de l\u2019importance de la zone \u00e0 traiter. Avant l\u2019intervention, la veille, il est conseill\u00e9 de raser les poils.<\/p>\t\t\t\t\t\t\t\t<\/div>\n\t\t\t\t<\/div>\n\t\t\t\t<\/div>\n\t\t<div class=\"elementor-element elementor-element-dd34038 e-con-full e-flex e-con e-child\" data-id=\"dd34038\" data-element_type=\"container\" data-e-type=\"container\">\n\t\t\t\t<div class=\"elementor-element elementor-element-df1f796 elementor-widget elementor-widget-image\" data-id=\"df1f796\" data-element_type=\"widget\" data-e-type=\"widget\" data-widget_type=\"image.default\">\n\t\t\t\t<div class=\"elementor-widget-container\">\n\t\t\t\t\t\t\t\t\t\t\t\t\t\t\t<img fetchpriority=\"high\" decoding=\"async\" width=\"433\" height=\"321\" src=\"https:\/\/epilclean.be\/wp-content\/uploads\/2024\/03\/poster_video___serialized1.png\" class=\"attachment-medium_large size-medium_large wp-image-31\" alt=\"\" srcset=\"https:\/\/epilclean.be\/wp-content\/uploads\/2024\/03\/poster_video___serialized1.png 433w, https:\/\/epilclean.be\/wp-content\/uploads\/2024\/03\/poster_video___serialized1-300x222.png 300w\" sizes=\"(max-width: 433px) 100vw, 433px\" \/>\t\t\t\t\t\t\t\t\t\t\t\t\t\t\t<\/div>\n\t\t\t\t<\/div>\n\t\t\t\t<\/div>\n\t\t\t\t\t<\/div>\n\t\t\t\t<\/div>\n\t\t<div class=\"elementor-element elementor-element-f5b7c39 e-flex e-con-boxed e-con e-parent\" data-id=\"f5b7c39\" data-element_type=\"container\" data-e-type=\"container\">\n\t\t\t\t\t<div class=\"e-con-inner\">\n\t\t\t\t<div class=\"elementor-element elementor-element-a179b65 elementor-widget elementor-widget-spacer\" data-id=\"a179b65\" data-element_type=\"widget\" data-e-type=\"widget\" data-widget_type=\"spacer.default\">\n\t\t\t\t<div class=\"elementor-widget-container\">\n\t\t\t\t\t\t\t<div class=\"elementor-spacer\">\n\t\t\t<div class=\"elementor-spacer-inner\"><\/div>\n\t\t<\/div>\n\t\t\t\t\t\t<\/div>\n\t\t\t\t<\/div>\n\t\t\t\t<div class=\"elementor-element elementor-element-dc377fe elementor-widget elementor-widget-heading\" data-id=\"dc377fe\" data-element_type=\"widget\" data-e-type=\"widget\" data-widget_type=\"heading.default\">\n\t\t\t\t<div class=\"elementor-widget-container\">\n\t\t\t\t\t<h2 class=\"elementor-heading-title elementor-size-default\">LES AVANTAGES D'UNE \u00c9PILATION D\u00c9FINITIVE AU LASER<\/h2>\t\t\t\t<\/div>\n\t\t\t\t<\/div>\n\t\t\t\t\t<\/div>\n\t\t\t\t<\/div>\n\t\t<div class=\"elementor-element elementor-element-0d9a34c e-flex e-con-boxed e-con e-parent\" data-id=\"0d9a34c\" data-element_type=\"container\" data-e-type=\"container\">\n\t\t\t\t\t<div class=\"e-con-inner\">\n\t\t\t\t<div class=\"elementor-element elementor-element-4903d0c elementor-icon-list--layout-traditional elementor-list-item-link-full_width elementor-widget elementor-widget-icon-list\" data-id=\"4903d0c\" data-element_type=\"widget\" data-e-type=\"widget\" data-widget_type=\"icon-list.default\">\n\t\t\t\t<div class=\"elementor-widget-container\">\n\t\t\t\t\t\t\t<ul class=\"elementor-icon-list-items\">\n\t\t\t\t\t\t\t<li class=\"elementor-icon-list-item\">\n\t\t\t\t\t\t\t\t\t\t\t<span class=\"elementor-icon-list-icon\">\n\t\t\t\t\t\t\t<svg aria-hidden=\"true\" class=\"e-font-icon-svg e-fas-check-circle\" viewBox=\"0 0 512 512\" xmlns=\"http:\/\/www.w3.org\/2000\/svg\"><path d=\"M504 256c0 136.967-111.033 248-248 248S8 392.967 8 256 119.033 8 256 8s248 111.033 248 248zM227.314 387.314l184-184c6.248-6.248 6.248-16.379 0-22.627l-22.627-22.627c-6.248-6.249-16.379-6.249-22.628 0L216 308.118l-70.059-70.059c-6.248-6.248-16.379-6.248-22.628 0l-22.627 22.627c-6.248 6.248-6.248 16.379 0 22.627l104 104c6.249 6.249 16.379 6.249 22.628.001z\"><\/path><\/svg>\t\t\t\t\t\t<\/span>\n\t\t\t\t\t\t\t\t\t\t<span class=\"elementor-icon-list-text\">Elle est indolore, La t\u00eate laser offre un refroidissement \u00e0 -5\u00b0, ce qui soulage la peau imm\u00e9diatement<\/span>\n\t\t\t\t\t\t\t\t\t<\/li>\n\t\t\t\t\t\t\t\t<li class=\"elementor-icon-list-item\">\n\t\t\t\t\t\t\t\t\t\t\t<span class=\"elementor-icon-list-icon\">\n\t\t\t\t\t\t\t<svg aria-hidden=\"true\" class=\"e-font-icon-svg e-fas-check-circle\" viewBox=\"0 0 512 512\" xmlns=\"http:\/\/www.w3.org\/2000\/svg\"><path d=\"M504 256c0 136.967-111.033 248-248 248S8 392.967 8 256 119.033 8 256 8s248 111.033 248 248zM227.314 387.314l184-184c6.248-6.248 6.248-16.379 0-22.627l-22.627-22.627c-6.248-6.249-16.379-6.249-22.628 0L216 308.118l-70.059-70.059c-6.248-6.248-16.379-6.248-22.628 0l-22.627 22.627c-6.248 6.248-6.248 16.379 0 22.627l104 104c6.249 6.249 16.379 6.249 22.628.001z\"><\/path><\/svg>\t\t\t\t\t\t<\/span>\n\t\t\t\t\t\t\t\t\t\t<span class=\"elementor-icon-list-text\">Elle est efficace sur tous les types de peaux (claires, mates, fonc\u00e9es, bronz\u00e9es)<\/span>\n\t\t\t\t\t\t\t\t\t<\/li>\n\t\t\t\t\t\t\t\t<li class=\"elementor-icon-list-item\">\n\t\t\t\t\t\t\t\t\t\t\t<span class=\"elementor-icon-list-icon\">\n\t\t\t\t\t\t\t<svg aria-hidden=\"true\" class=\"e-font-icon-svg e-fas-check-circle\" viewBox=\"0 0 512 512\" xmlns=\"http:\/\/www.w3.org\/2000\/svg\"><path d=\"M504 256c0 136.967-111.033 248-248 248S8 392.967 8 256 119.033 8 256 8s248 111.033 248 248zM227.314 387.314l184-184c6.248-6.248 6.248-16.379 0-22.627l-22.627-22.627c-6.248-6.249-16.379-6.249-22.628 0L216 308.118l-70.059-70.059c-6.248-6.248-16.379-6.248-22.628 0l-22.627 22.627c-6.248 6.248-6.248 16.379 0 22.627l104 104c6.249 6.249 16.379 6.249 22.628.001z\"><\/path><\/svg>\t\t\t\t\t\t<\/span>\n\t\t\t\t\t\t\t\t\t\t<span class=\"elementor-icon-list-text\">Elle est efficace sur les poils clairs et fins, Le laser d\u2019epil clean offre 4 types de longueurs d\u2019ondes en une seule application, ce qui permet de traiter diff\u00e9rentes sortes de poils<\/span>\n\t\t\t\t\t\t\t\t\t<\/li>\n\t\t\t\t\t\t\t\t<li class=\"elementor-icon-list-item\">\n\t\t\t\t\t\t\t\t\t\t\t<span class=\"elementor-icon-list-icon\">\n\t\t\t\t\t\t\t<svg aria-hidden=\"true\" class=\"e-font-icon-svg e-fas-check-circle\" viewBox=\"0 0 512 512\" xmlns=\"http:\/\/www.w3.org\/2000\/svg\"><path d=\"M504 256c0 136.967-111.033 248-248 248S8 392.967 8 256 119.033 8 256 8s248 111.033 248 248zM227.314 387.314l184-184c6.248-6.248 6.248-16.379 0-22.627l-22.627-22.627c-6.248-6.249-16.379-6.249-22.628 0L216 308.118l-70.059-70.059c-6.248-6.248-16.379-6.248-22.628 0l-22.627 22.627c-6.248 6.248-6.248 16.379 0 22.627l104 104c6.249 6.249 16.379 6.249 22.628.001z\"><\/path><\/svg>\t\t\t\t\t\t<\/span>\n\t\t\t\t\t\t\t\t\t\t<span class=\"elementor-icon-list-text\">L\u2019\u00e9pilation peut se faire toute l\u2019ann\u00e9e, m\u00eame en \u00e9t\u00e9 !<\/span>\n\t\t\t\t\t\t\t\t\t<\/li>\n\t\t\t\t\t\t<\/ul>\n\t\t\t\t\t\t<\/div>\n\t\t\t\t<\/div>\n\t\t\t\t\t<\/div>\n\t\t\t\t<\/div>\n\t\t<div class=\"elementor-element elementor-element-6510d01 e-flex e-con-boxed e-con e-parent\" data-id=\"6510d01\" data-element_type=\"container\" data-e-type=\"container\">\n\t\t\t\t\t<div class=\"e-con-inner\">\n\t\t\t\t<div class=\"elementor-element elementor-element-a00ec13 elementor-icon-list--layout-traditional elementor-list-item-link-full_width elementor-widget elementor-widget-icon-list\" data-id=\"a00ec13\" data-element_type=\"widget\" data-e-type=\"widget\" data-widget_type=\"icon-list.default\">\n\t\t\t\t<div class=\"elementor-widget-container\">\n\t\t\t\t\t\t\t<ul class=\"elementor-icon-list-items\">\n\t\t\t\t\t\t\t<li class=\"elementor-icon-list-item\">\n\t\t\t\t\t\t\t\t\t\t\t<span class=\"elementor-icon-list-icon\">\n\t\t\t\t\t\t\t<svg aria-hidden=\"true\" class=\"e-font-icon-svg e-fas-info-circle\" viewBox=\"0 0 512 512\" xmlns=\"http:\/\/www.w3.org\/2000\/svg\"><path d=\"M256 8C119.043 8 8 119.083 8 256c0 136.997 111.043 248 248 248s248-111.003 248-248C504 119.083 392.957 8 256 8zm0 110c23.196 0 42 18.804 42 42s-18.804 42-42 42-42-18.804-42-42 18.804-42 42-42zm56 254c0 6.627-5.373 12-12 12h-88c-6.627 0-12-5.373-12-12v-24c0-6.627 5.373-12 12-12h12v-64h-12c-6.627 0-12-5.373-12-12v-24c0-6.627 5.373-12 12-12h64c6.627 0 12 5.373 12 12v100h12c6.627 0 12 5.373 12 12v24z\"><\/path><\/svg>\t\t\t\t\t\t<\/span>\n\t\t\t\t\t\t\t\t\t\t<span class=\"elementor-icon-list-text\">Il est n\u00e9cessaire d\u2019effectuer plusieurs s\u00e9ances d\u2019\u00e9pilation laser, en moyenne 4 \u00e0 6 s\u00e9ances sont n\u00e9cessaires pour \u00e9limer les poils. Le nombre de s\u00e9ances peut varier d\u2019une personne \u00e0 une autre en fonction de la pilosit\u00e9 ou des facteurs hormonaux.<\/span>\n\t\t\t\t\t\t\t\t\t<\/li>\n\t\t\t\t\t\t<\/ul>\n\t\t\t\t\t\t<\/div>\n\t\t\t\t<\/div>\n\t\t\t\t\t<\/div>\n\t\t\t\t<\/div>\n\t\t<div class=\"elementor-element elementor-element-fa28d44 e-con-full e-flex e-con e-parent\" data-id=\"fa28d44\" data-element_type=\"container\" data-e-type=\"container\" data-settings=\"{&quot;background_background&quot;:&quot;classic&quot;}\">\n\t\t<div class=\"elementor-element elementor-element-1285456 e-flex e-con-boxed e-con e-child\" data-id=\"1285456\" data-element_type=\"container\" data-e-type=\"container\" data-settings=\"{&quot;background_background&quot;:&quot;classic&quot;}\">\n\t\t\t\t\t<div class=\"e-con-inner\">\n\t\t\t\t<div class=\"elementor-element elementor-element-034b849 elementor-widget elementor-widget-heading\" data-id=\"034b849\" data-element_type=\"widget\" data-e-type=\"widget\" data-widget_type=\"heading.default\">\n\t\t\t\t<div class=\"elementor-widget-container\">\n\t\t\t\t\t<h2 class=\"elementor-heading-title elementor-size-default\">LES B\u00c9N\u00c9FICES D'UNE \u00c9PILATION LASER<\/h2>\t\t\t\t<\/div>\n\t\t\t\t<\/div>\n\t\t\t\t\t<\/div>\n\t\t\t\t<\/div>\n\t\t\t\t<\/div>\n\t\t<div class=\"elementor-element elementor-element-ce77960 e-flex e-con-boxed e-con e-parent\" data-id=\"ce77960\" data-element_type=\"container\" data-e-type=\"container\" data-settings=\"{&quot;background_background&quot;:&quot;classic&quot;}\">\n\t\t\t\t\t<div class=\"e-con-inner\">\n\t\t<div class=\"elementor-element elementor-element-47293b6 e-flex e-con-boxed e-con e-child\" data-id=\"47293b6\" data-element_type=\"container\" data-e-type=\"container\" data-settings=\"{&quot;background_background&quot;:&quot;classic&quot;}\">\n\t\t\t\t\t<div class=\"e-con-inner\">\n\t\t<div class=\"elementor-element elementor-element-2b1bd2a e-con-full e-flex e-con e-child\" data-id=\"2b1bd2a\" data-element_type=\"container\" data-e-type=\"container\">\n\t\t\t\t<div class=\"elementor-element elementor-element-8d42d3c elementor-widget elementor-widget-text-editor\" data-id=\"8d42d3c\" data-element_type=\"widget\" data-e-type=\"widget\" data-widget_type=\"text-editor.default\">\n\t\t\t\t<div class=\"elementor-widget-container\">\n\t\t\t\t\t\t\t\t\t<p>Gr\u00e2ce \u00e0 sa technologie, vous pouvez commencer le traitement \u00e0 tout moment et ce, m\u00eame en \u00e9t\u00e9. Mais attention, toutes les zones trait\u00e9es doivent \u00eatre prot\u00e9g\u00e9es avant et apr\u00e8s le traitement.<\/p>\t\t\t\t\t\t\t\t<\/div>\n\t\t\t\t<\/div>\n\t\t\t\t<\/div>\n\t\t<div class=\"elementor-element elementor-element-1a2da97 e-con-full e-flex e-con e-child\" data-id=\"1a2da97\" data-element_type=\"container\" data-e-type=\"container\">\n\t\t\t\t<div class=\"elementor-element elementor-element-43b59da elementor-widget elementor-widget-image\" data-id=\"43b59da\" data-element_type=\"widget\" data-e-type=\"widget\" data-widget_type=\"image.default\">\n\t\t\t\t<div class=\"elementor-widget-container\">\n\t\t\t\t\t\t\t\t\t\t\t\t\t\t\t<img decoding=\"async\" width=\"300\" height=\"300\" src=\"https:\/\/epilclean.be\/wp-content\/uploads\/2024\/03\/portrait-beautiful-adult-happy-woman-with-thumbs-up-sign-isolated-white-wall-300x300.jpg\" class=\"attachment-medium size-medium wp-image-183\" alt=\"\" srcset=\"https:\/\/epilclean.be\/wp-content\/uploads\/2024\/03\/portrait-beautiful-adult-happy-woman-with-thumbs-up-sign-isolated-white-wall-300x300.jpg 300w, https:\/\/epilclean.be\/wp-content\/uploads\/2024\/03\/portrait-beautiful-adult-happy-woman-with-thumbs-up-sign-isolated-white-wall-1024x1024.jpg 1024w, https:\/\/epilclean.be\/wp-content\/uploads\/2024\/03\/portrait-beautiful-adult-happy-woman-with-thumbs-up-sign-isolated-white-wall-150x150.jpg 150w, https:\/\/epilclean.be\/wp-content\/uploads\/2024\/03\/portrait-beautiful-adult-happy-woman-with-thumbs-up-sign-isolated-white-wall-768x768.jpg 768w, https:\/\/epilclean.be\/wp-content\/uploads\/2024\/03\/portrait-beautiful-adult-happy-woman-with-thumbs-up-sign-isolated-white-wall-1536x1536.jpg 1536w, https:\/\/epilclean.be\/wp-content\/uploads\/2024\/03\/portrait-beautiful-adult-happy-woman-with-thumbs-up-sign-isolated-white-wall-2048x2048.jpg 2048w, https:\/\/epilclean.be\/wp-content\/uploads\/2024\/03\/portrait-beautiful-adult-happy-woman-with-thumbs-up-sign-isolated-white-wall-600x600.jpg 600w\" sizes=\"(max-width: 300px) 100vw, 300px\" \/>\t\t\t\t\t\t\t\t\t\t\t\t\t\t\t<\/div>\n\t\t\t\t<\/div>\n\t\t\t\t<\/div>\n\t\t\t\t\t<\/div>\n\t\t\t\t<\/div>\n\t\t\t\t\t<\/div>\n\t\t\t\t<\/div>\n\t\t<div class=\"elementor-element elementor-element-6d5345a e-flex e-con-boxed e-con e-parent\" data-id=\"6d5345a\" data-element_type=\"container\" data-e-type=\"container\" data-settings=\"{&quot;background_background&quot;:&quot;classic&quot;}\">\n\t\t\t\t\t<div class=\"e-con-inner\">\n\t\t\t\t<div class=\"elementor-element elementor-element-4298d4a elementor-widget elementor-widget-heading\" data-id=\"4298d4a\" data-element_type=\"widget\" data-e-type=\"widget\" data-widget_type=\"heading.default\">\n\t\t\t\t<div class=\"elementor-widget-container\">\n\t\t\t\t\t<h2 class=\"elementor-heading-title elementor-size-default\">DES TARIFS ABORDABLES POUR UN SERVICE DE QUALIT\u00c9<\/h2>\t\t\t\t<\/div>\n\t\t\t\t<\/div>\n\t\t\t\t\t<\/div>\n\t\t\t\t<\/div>\n\t\t<div class=\"elementor-element elementor-element-0cffdef e-flex e-con-boxed e-con e-parent\" data-id=\"0cffdef\" data-element_type=\"container\" data-e-type=\"container\">\n\t\t\t\t\t<div class=\"e-con-inner\">\n\t\t\t\t<div class=\"elementor-element elementor-element-b45d71c elementor-widget elementor-widget-video\" data-id=\"b45d71c\" data-element_type=\"widget\" data-e-type=\"widget\" data-settings=\"{&quot;video_type&quot;:&quot;hosted&quot;,&quot;controls&quot;:&quot;yes&quot;}\" data-widget_type=\"video.default\">\n\t\t\t\t<div class=\"elementor-widget-container\">\n\t\t\t\t\t\t\t<div class=\"e-hosted-video elementor-wrapper elementor-open-inline\">\n\t\t\t\t\t<video class=\"elementor-video\" src=\"https:\/\/epilclean.be\/wp-content\/uploads\/2024\/03\/Video_1.mov\" controls=\"\" preload=\"metadata\" controlsList=\"nodownload\"><\/video>\n\t\t\t\t<\/div>\n\t\t\t\t\t\t<\/div>\n\t\t\t\t<\/div>\n\t\t\t\t\t<\/div>\n\t\t\t\t<\/div>\n\t\t\t\t<\/div>\n\t\t","protected":false},"excerpt":{"rendered":"<p>Epilation au Laser Diode Epil Clean utilise la derni\u00e8re g\u00e9n\u00e9ration de laser diode Sapphire Ice afin de traiter efficacement tous les types de peau et de poils, permettant ainsi d\u2019obtenir des r\u00e9sultats optimaux et durables. DES TARIFS ABORDABLES POUR UN SERVICE DE QUALIT\u00c9 Le laser diode est con\u00e7u pour rendre l\u2019\u00e9pilation indolore et rapide, permettant [&hellip;]<\/p>\n","protected":false},"author":1,"featured_media":0,"parent":0,"menu_order":0,"comment_status":"closed","ping_status":"closed","template":"","meta":{"footnotes":""},"class_list":["post-29","page","type-page","status-publish","hentry","entry"],"_links":{"self":[{"href":"https:\/\/epilclean.be\/index.php\/wp-json\/wp\/v2\/pages\/29","targetHints":{"allow":["GET"]}}],"collection":[{"href":"https:\/\/epilclean.be\/index.php\/wp-json\/wp\/v2\/pages"}],"about":[{"href":"https:\/\/epilclean.be\/index.php\/wp-json\/wp\/v2\/types\/page"}],"author":[{"embeddable":true,"href":"https:\/\/epilclean.be\/index.php\/wp-json\/wp\/v2\/users\/1"}],"replies":[{"embeddable":true,"href":"https:\/\/epilclean.be\/index.php\/wp-json\/wp\/v2\/comments?post=29"}],"version-history":[{"count":13,"href":"https:\/\/epilclean.be\/index.php\/wp-json\/wp\/v2\/pages\/29\/revisions"}],"predecessor-version":[{"id":320,"href":"https:\/\/epilclean.be\/index.php\/wp-json\/wp\/v2\/pages\/29\/revisions\/320"}],"wp:attachment":[{"href":"https:\/\/epilclean.be\/index.php\/wp-json\/wp\/v2\/media?parent=29"}],"curies":[{"name":"wp","href":"https:\/\/api.w.org\/{rel}","templated":true}]}}